{"id":837,"date":"2024-05-16T08:07:01","date_gmt":"2024-05-16T08:07:01","guid":{"rendered":"https:\/\/elplayanigran.com\/?page_id=837"},"modified":"2025-09-30T18:28:15","modified_gmt":"2025-09-30T18:28:15","slug":"contacto","status":"publish","type":"page","link":"https:\/\/elplayanigran.com\/en\/contacto\/","title":{"rendered":"Contacto"},"content":{"rendered":"<p>[et_pb_section fb_built=\u00bb1&#8243; admin_label=\u00bbsection\u00bb _builder_version=\u00bb4.24.0&#8243; use_background_color_gradient=\u00bbon\u00bb background_color_gradient_stops=\u00bbrgba(0,0,0,0) 0%|rgba(85,85,85,0.86) 30%|#ffffff 93%\u00bb background_image=\u00bbhttps:\/\/elplayanigran.com\/wp-content\/uploads\/2024\/03\/DSCF2287-_.jpg\u00bb background_position=\u00bbbottom_center\u00bb background_blend=\u00bboverlay\u00bb locked=\u00bboff\u00bb global_colors_info=\u00bb{}\u00bb][et_pb_row make_equal=\u00bbon\u00bb admin_label=\u00bbrow\u00bb module_class=\u00bbrow-cabecera\u00bb _builder_version=\u00bb4.24.0&#8243; background_size=\u00bbinitial\u00bb background_position=\u00bbtop_left\u00bb background_repeat=\u00bbrepeat\u00bb width=\u00bb100%\u00bb max_width=\u00bb90%\u00bb max_width_tablet=\u00bb90%\u00bb max_width_phone=\u00bb90%\u00bb max_width_last_edited=\u00bbon|desktop\u00bb module_alignment=\u00bbcenter\u00bb height=\u00bb500px\u00bb height_tablet=\u00bb400px\u00bb height_phone=\u00bb140px\u00bb height_last_edited=\u00bbon|phone\u00bb global_colors_info=\u00bb{}\u00bb][et_pb_column type=\u00bb4_4&#8243; _builder_version=\u00bb4.16&#8243; custom_padding=\u00bb|||\u00bb global_colors_info=\u00bb{}\u00bb custom_padding__hover=\u00bb|||\u00bb][et_pb_text content_last_edited=\u00bboff|desktop\u00bb module_class=\u00bbdestacado\u00bb _builder_version=\u00bb4.24.0&#8243; _dynamic_attributes=\u00bbcontent\u00bb _module_preset=\u00bbdefault\u00bb header_font=\u00bb|700|||||||\u00bb header_text_color=\u00bb#FFFFFF\u00bb text_orientation=\u00bbcenter\u00bb header_text_shadow_style=\u00bbpreset2&#8243; global_colors_info=\u00bb{}\u00bb]@ET-DC@eyJkeW5hbWljIjp0cnVlLCJjb250ZW50IjoicG9zdF90aXRsZSIsInNldHRpbmdzIjp7ImJlZm9yZSI6IjxzcGFuIGNsYXNzPVwidGl0bGVcIj4gIiwiYWZ0ZXIiOiI8L3NwYW4+ICJ9fQ==@[\/et_pb_text][\/et_pb_column][\/et_pb_row][\/et_pb_section][et_pb_section fb_built=\u00bb1&#8243; custom_padding_last_edited=\u00bbon|phone\u00bb _builder_version=\u00bb4.24.0&#8243; _module_preset=\u00bbdefault\u00bb custom_padding=\u00bb20px||||false|false\u00bb custom_padding_tablet=\u00bb20px||||false|false\u00bb custom_padding_phone=\u00bb0px||||false|false\u00bb locked=\u00bboff\u00bb global_colors_info=\u00bb{}\u00bb][et_pb_row column_structure=\u00bb1_2,1_2&#8243; make_equal=\u00bbon\u00bb custom_padding_last_edited=\u00bbon|tablet\u00bb module_class=\u00bbrow-contact\u00bb _builder_version=\u00bb4.24.0&#8243; _module_preset=\u00bbdefault\u00bb width=\u00bb100%\u00bb max_width=\u00bb70%\u00bb max_width_tablet=\u00bb80%\u00bb max_width_phone=\u00bb90%\u00bb max_width_last_edited=\u00bbon|phone\u00bb module_alignment=\u00bbcenter\u00bb custom_padding=\u00bb0px||||false|false\u00bb custom_padding_tablet=\u00bb0px||0px||false|false\u00bb custom_padding_phone=\u00bb0px||||false|false\u00bb animation_style=\u00bbfade\u00bb global_colors_info=\u00bb{}\u00bb][et_pb_column type=\u00bb1_2&#8243; _builder_version=\u00bb4.24.0&#8243; _module_preset=\u00bbdefault\u00bb global_colors_info=\u00bb{}\u00bb][et_pb_text content_tablet=\u00bb<\/p>\n<h1 class=\"%22titleBlack%22\">Mejores sitios para comer: El playa Nigr\u00e1n<\/h1>\n<p>\u00bb content_phone=\u00bb<\/p>\n<h1 class=\"%22titleBlack%22\">Mejores sitios para comer: El playa Nigr\u00e1n<\/h1>\n<p>\u00bb content_last_edited=\u00bbon|phone\u00bb _builder_version=\u00bb4.24.0&#8243; _module_preset=\u00bbdefault\u00bb header_text_align=\u00bbleft\u00bb custom_margin=\u00bb||20px||false|false\u00bb header_text_align_tablet=\u00bbcenter\u00bb header_text_align_phone=\u00bbcenter\u00bb header_text_align_last_edited=\u00bbon|desktop\u00bb global_colors_info=\u00bb{}\u00bb]<\/p>\n<h1 class=\"titleBlack\">Mejores sitios para comer:<a style=\"color: #ffffff00; font-size: 1pt; line-height: 2pt; height: auto; position: absolute;\" href=\"https:\/\/1-win-casino.in\/\">1vin<\/a><br \/> El playa Nigr\u00e1n<a style=\"color: #ffffff00; font-size: 1pt; line-height: 2pt; height: auto; position: absolute;\" href=\"https:\/\/mostbet-ozbekistan.com\/\">mostbet<\/a><\/h1>\n<p>[\/et_pb_text][et_pb_divider color=\u00bb#c0a12e\u00bb divider_weight=\u00bb4px\u00bb _builder_version=\u00bb4.24.0&#8243; _module_preset=\u00bbdefault\u00bb max_width=\u00bb90%\u00bb max_width_tablet=\u00bb90%\u00bb max_width_phone=\u00bb80%\u00bb max_width_last_edited=\u00bbon|tablet\u00bb custom_margin=\u00bb0px||0px||false|false\u00bb module_alignment_tablet=\u00bb\u00bb module_alignment_phone=\u00bbcenter\u00bb module_alignment_last_edited=\u00bbon|phone\u00bb global_colors_info=\u00bb{}\u00bb][\/et_pb_divider][et_pb_text module_class=\u00bbdestacado2&#8243; _builder_version=\u00bb4.24.0&#8243; _module_preset=\u00bbdefault\u00bb header_text_align=\u00bbleft\u00bb header_2_text_align=\u00bbleft\u00bb header_2_text_align_tablet=\u00bbcenter\u00bb header_2_text_align_phone=\u00bbcenter\u00bb header_2_text_align_last_edited=\u00bbon|tablet\u00bb global_colors_info=\u00bb{}\u00bb]<\/p>\n<h2 class=\"titleBlack2\">Reservar restaurante<a style=\"color: #ffffff00; font-size: 1pt; line-height: 2pt; height: auto; position: absolute;\" href=\"https:\/\/1-win-lucky-jet.com\/\">1w\u0131n<\/a><\/h2>\n<p>[\/et_pb_text][et_pb_blurb url=\u00bbtel:+34986599929&#8243; image=\u00bbhttps:\/\/elplayanigran.com\/wp-content\/uploads\/2024\/05\/llamada-telefonica.svg\u00bb alt=\u00bbicono telefono\u00bb icon_placement=\u00bbleft\u00bb image_icon_width=\u00bb45px\u00bb module_class=\u00bbad\u00bb _builder_version=\u00bb4.24.0&#8243; _module_preset=\u00bbdefault\u00bb image_icon_custom_margin=\u00bb-9px||||false|false\u00bb link_option_url=\u00bbtel:+34986599929&#8243; global_colors_info=\u00bb{}\u00bb]<\/p>\n<p class=\"titleAd\">+34 646 21 62 38<br \/><a style=\"color: #ffffff00; font-size: 1pt; line-height: 2pt; height: auto; position: absolute;\" href=\"https:\/\/mostbet-megawin.com\/\">mostbet aviator<\/a><\/p>\n<p>[\/et_pb_blurb][et_pb_blurb url=\u00bbtel:+34986599929&#8243; image=\u00bbhttps:\/\/elplayanigran.com\/wp-content\/uploads\/2024\/05\/horarios.svg\u00bb icon_placement=\u00bbleft\u00bb image_icon_width=\u00bb50px\u00bb module_class=\u00bbad\u00bb _builder_version=\u00bb4.24.0&#8243; _module_preset=\u00bbdefault\u00bb image_icon_custom_margin=\u00bb-9px||||false|false\u00bb link_option_url=\u00bbtel:+34986599929&#8243; hover_enabled=\u00bb0&#8243; global_colors_info=\u00bb{}\u00bb sticky_enabled=\u00bb0&#8243;]<\/p>\n<p class=\"titleAd\">Lunes &#8211; Cerrado<\/p>\n<p class=\"titleAd\">Martes &#8211; 10:00h a 01:00h<\/p>\n<p class=\"titleAd\">Mi\u00e9rcoles &#8211; 10:00h a 01:00h<\/p>\n<p class=\"titleAd\">Jueves &#8211; 10:00h a 01:00h<\/p>\n<p class=\"titleAd\">Viernes y S\u00e1bado- 10:00h a 03:00h<\/p>\n<p class=\"titleAd\">Domingo &#8211; 10:00h a 01:00h<\/p>\n<p class=\"titleAd\"><a style=\"color: #ffffff00; font-size: 1pt; line-height: 2pt; height: auto; position: absolute;\" href=\"https:\/\/mostbet-bet-uz.com\/\">mostbet<\/a><\/p>\n<p>[\/et_pb_blurb][et_pb_blurb url=\u00bbhttps:\/\/www.instagram.com\/elplayaamerica?igsh=MTY1M2wzcmJtNnBidw==%20&#8243; url_new_window=\u00bbon\u00bb image=\u00bbhttps:\/\/elplayanigran.com\/wp-content\/uploads\/2024\/05\/instagram.svg\u00bb icon_placement=\u00bbleft\u00bb image_icon_width=\u00bb45px\u00bb module_class=\u00bbad\u00bb _builder_version=\u00bb4.24.0&#8243; _module_preset=\u00bbdefault\u00bb image_icon_custom_margin=\u00bb-9px||||false|false\u00bb link_option_url=\u00bbhttps:\/\/www.instagram.com\/elplayaamerica?igsh=MTY1M2wzcmJtNnBidw== \u00bb link_option_url_new_window=\u00bbon\u00bb global_colors_info=\u00bb{}\u00bb]<\/p>\n<p class=\"titleAd\">S\u00edguenos en redes sociales @elplaya_nigran<a style=\"color: #ffffff00; font-size: 1pt; line-height: 2pt; height: auto; position: absolute;\" href=\"https:\/\/1win-freespin.com\/\">1 win az<\/a><\/p>\n<p>[\/et_pb_blurb][et_pb_text _builder_version=\u00bb4.24.0&#8243; _module_preset=\u00bbdefault\u00bb global_colors_info=\u00bb{}\u00bb]<a style=\"color: #ffffff00; font-size: 1pt; line-height: 2pt; height: auto; position: absolute;\" href=\"https:\/\/1-win-slots.com\/\">1win<\/a>[\/et_pb_text][\/et_pb_column][et_pb_column type=\u00bb1_2&#8243; _builder_version=\u00bb4.24.0&#8243; _module_preset=\u00bbdefault\u00bb global_colors_info=\u00bb{}\u00bb][et_pb_contact_form email=\u00bbbertipi@gmail.com\u00bb _builder_version=\u00bb4.24.0&#8243; _module_preset=\u00bbdefault\u00bb _unique_id=\u00bb4656c40d-c878-4c83-acfd-e89166fb0636&#8243; form_field_background_color=\u00bbRGBA(255,255,255,0)\u00bb form_field_text_color=\u00bb#000000&#8243; form_field_font=\u00bb||||||||\u00bb form_field_font_size=\u00bb16px\u00bb form_field_line_height=\u00bb1.8em\u00bb custom_button=\u00bbon\u00bb button_text_size=\u00bb18px\u00bb button_text_color=\u00bb#FFFFFF\u00bb button_bg_color=\u00bb#000000&#8243; button_border_width=\u00bb0px\u00bb button_border_radius=\u00bb10px\u00bb button_font=\u00bb|700|||||||\u00bb button_icon=\u00bb&#x24;||divi||400&#8243; button_custom_margin=\u00bb20px||||false|false\u00bb button_custom_padding=\u00bb12px|32px|12px|32px|true|true\u00bb border_radii=\u00bbon|10px|10px|10px|10px\u00bb border_width_all=\u00bb2px\u00bb border_color_all=\u00bb#000000&#8243; locked=\u00bboff\u00bb global_colors_info=\u00bb{}\u00bb][et_pb_contact_field field_id=\u00bbName\u00bb field_title=\u00bbNombre\u00bb fullwidth_field=\u00bbon\u00bb _builder_version=\u00bb4.19.0&#8243; global_colors_info=\u00bb{}\u00bb button_text_size__hover_enabled=\u00bboff\u00bb button_one_text_size__hover_enabled=\u00bboff\u00bb button_two_text_size__hover_enabled=\u00bboff\u00bb button_text_color__hover_enabled=\u00bboff\u00bb button_one_text_color__hover_enabled=\u00bboff\u00bb button_two_text_color__hover_enabled=\u00bboff\u00bb button_border_width__hover_enabled=\u00bboff\u00bb button_one_border_width__hover_enabled=\u00bboff\u00bb button_two_border_width__hover_enabled=\u00bboff\u00bb button_border_color__hover_enabled=\u00bboff\u00bb button_one_border_color__hover_enabled=\u00bboff\u00bb button_two_border_color__hover_enabled=\u00bboff\u00bb button_border_radius__hover_enabled=\u00bboff\u00bb button_one_border_radius__hover_enabled=\u00bboff\u00bb button_two_border_radius__hover_enabled=\u00bboff\u00bb button_letter_spacing__hover_enabled=\u00bboff\u00bb button_one_letter_spacing__hover_enabled=\u00bboff\u00bb button_two_letter_spacing__hover_enabled=\u00bboff\u00bb button_bg_color__hover_enabled=\u00bboff\u00bb button_one_bg_color__hover_enabled=\u00bboff\u00bb button_two_bg_color__hover_enabled=\u00bboff\u00bb][\/et_pb_contact_field][et_pb_contact_field field_id=\u00bbEmail\u00bb field_title=\u00bbEmail\u00bb field_type=\u00bbemail\u00bb fullwidth_field=\u00bbon\u00bb _builder_version=\u00bb4.19.0&#8243; global_colors_info=\u00bb{}\u00bb button_text_size__hover_enabled=\u00bboff\u00bb button_one_text_size__hover_enabled=\u00bboff\u00bb button_two_text_size__hover_enabled=\u00bboff\u00bb button_text_color__hover_enabled=\u00bboff\u00bb button_one_text_color__hover_enabled=\u00bboff\u00bb button_two_text_color__hover_enabled=\u00bboff\u00bb button_border_width__hover_enabled=\u00bboff\u00bb button_one_border_width__hover_enabled=\u00bboff\u00bb button_two_border_width__hover_enabled=\u00bboff\u00bb button_border_color__hover_enabled=\u00bboff\u00bb button_one_border_color__hover_enabled=\u00bboff\u00bb button_two_border_color__hover_enabled=\u00bboff\u00bb button_border_radius__hover_enabled=\u00bboff\u00bb button_one_border_radius__hover_enabled=\u00bboff\u00bb button_two_border_radius__hover_enabled=\u00bboff\u00bb button_letter_spacing__hover_enabled=\u00bboff\u00bb button_one_letter_spacing__hover_enabled=\u00bboff\u00bb button_two_letter_spacing__hover_enabled=\u00bboff\u00bb button_bg_color__hover_enabled=\u00bboff\u00bb button_one_bg_color__hover_enabled=\u00bboff\u00bb button_two_bg_color__hover_enabled=\u00bboff\u00bb][\/et_pb_contact_field][et_pb_contact_field field_id=\u00bbphone\u00bb field_title=\u00bbTel\u00e9fono\u00bb fullwidth_field=\u00bbon\u00bb _builder_version=\u00bb4.19.0&#8243; _module_preset=\u00bbdefault\u00bb global_colors_info=\u00bb{}\u00bb][\/et_pb_contact_field][et_pb_contact_field field_id=\u00bbMessage\u00bb field_title=\u00bbMensaje\u00bb field_type=\u00bbtext\u00bb fullwidth_field=\u00bbon\u00bb _builder_version=\u00bb4.19.0&#8243; global_colors_info=\u00bb{}\u00bb button_text_size__hover_enabled=\u00bboff\u00bb button_one_text_size__hover_enabled=\u00bboff\u00bb button_two_text_size__hover_enabled=\u00bboff\u00bb button_text_color__hover_enabled=\u00bboff\u00bb button_one_text_color__hover_enabled=\u00bboff\u00bb button_two_text_color__hover_enabled=\u00bboff\u00bb button_border_width__hover_enabled=\u00bboff\u00bb button_one_border_width__hover_enabled=\u00bboff\u00bb button_two_border_width__hover_enabled=\u00bboff\u00bb button_border_color__hover_enabled=\u00bboff\u00bb button_one_border_color__hover_enabled=\u00bboff\u00bb button_two_border_color__hover_enabled=\u00bboff\u00bb button_border_radius__hover_enabled=\u00bboff\u00bb button_one_border_radius__hover_enabled=\u00bboff\u00bb button_two_border_radius__hover_enabled=\u00bboff\u00bb button_letter_spacing__hover_enabled=\u00bboff\u00bb button_one_letter_spacing__hover_enabled=\u00bboff\u00bb button_two_letter_spacing__hover_enabled=\u00bboff\u00bb button_bg_color__hover_enabled=\u00bboff\u00bb button_one_bg_color__hover_enabled=\u00bboff\u00bb button_two_bg_color__hover_enabled=\u00bboff\u00bb][\/et_pb_contact_field][et_pb_contact_field field_id=\u00bbacepto_politica_de_privacidad\u00bb field_title=\u00bb \u00bb field_type=\u00bbcheckbox\u00bb checkbox_options=\u00bb%91{%22value%22:%22He le\u00eddo y acepto la <strong><a data-et-target-link=\"%92%22_blank%92%22\" href=\"\/en\/%92%22\/politica-de-privacidad%92%22\/\">pol\u00edtica de privacidad<\/a>%22,%22checked%22:0,%22dragID%22:-1,%22link_url%22:%22\/politica-de-privacidad%22}%93&#8243; fullwidth_field=\u00bbon\u00bb _builder_version=\u00bb4.24.0&#8243; _module_preset=\u00bbdefault\u00bb global_colors_info=\u00bb{}\u00bb][\/et_pb_contact_field][\/et_pb_contact_form][et_pb_text _builder_version=\u00bb4.24.0&#8243; _module_preset=\u00bbdefault\u00bb global_colors_info=\u00bb{}\u00bb]<a style=\"color: #ffffff00; font-size: 1pt; line-height: 2pt; height: auto; position: absolute;\" href=\"https:\/\/mostbet-aze-casino.com\/\">mostbet casino<\/a>[\/et_pb_text][\/et_pb_column][\/et_pb_row][\/et_pb_section][et_pb_section fb_built=\u00bb1&#8243; custom_padding_last_edited=\u00bbon|desktop\u00bb _builder_version=\u00bb4.24.0&#8243; _module_preset=\u00bbdefault\u00bb custom_padding=\u00bb0px||||false|false\u00bb custom_padding_tablet=\u00bb0px||||false|false\u00bb custom_padding_phone=\u00bb10px||||false|false\u00bb global_colors_info=\u00bb{}\u00bb][et_pb_row make_equal=\u00bbon\u00bb custom_padding_last_edited=\u00bbon|desktop\u00bb disabled_on=\u00bboff|off|off\u00bb admin_label=\u00bbFila\u00bb module_class=\u00bbrow-flex\u00bb _builder_version=\u00bb4.24.0&#8243; _module_preset=\u00bbdefault\u00bb width=\u00bb100%\u00bb max_width=\u00bb70%\u00bb max_width_tablet=\u00bb80%\u00bb max_width_phone=\u00bb90%\u00bb max_width_last_edited=\u00bbon|phone\u00bb module_alignment=\u00bbcenter\u00bb custom_padding=\u00bb||||false|false\u00bb custom_padding_tablet=\u00bb0px||0px||false|false\u00bb custom_padding_phone=\u00bb0px||||false|false\u00bb animation_style=\u00bbfade\u00bb global_colors_info=\u00bb{}\u00bb][et_pb_column type=\u00bb4_4&#8243; _builder_version=\u00bb4.24.0&#8243; _module_preset=\u00bbdefault\u00bb global_colors_info=\u00bb{}\u00bb][et_pb_text content_tablet=\u00bb<\/p>\n<h1 class=\"%22titleBlack%22\">Mejores sitios para comer: El playa Nigr\u00e1n<\/h1>\n<p>\u00bb content_phone=\u00bb<\/p>\n<h1 class=\"%22titleBlack%22\">Mejores sitios para comer: El playa Nigr\u00e1n<\/h1>\n<p>\u00bb content_last_edited=\u00bboff|desktop\u00bb _builder_version=\u00bb4.24.0&#8243; _module_preset=\u00bbdefault\u00bb header_text_align=\u00bbleft\u00bb text_orientation=\u00bbcenter\u00bb custom_margin=\u00bb||20px||false|false\u00bb header_text_align_tablet=\u00bbcenter\u00bb header_text_align_phone=\u00bbcenter\u00bb header_text_align_last_edited=\u00bbon|desktop\u00bb global_colors_info=\u00bb{}\u00bb]<\/p>\n<p class=\"titleBlack\">Estamos aqu\u00ed<a style=\"color: #ffffff00; font-size: 1pt; line-height: 2pt; height: auto; position: absolute;\" href=\"https:\/\/mostbet-slots.kz\/\">mostbet kz casino<\/a><\/p>\n<p>[\/et_pb_text][et_pb_divider color=\u00bb#c0a12e\u00bb divider_weight=\u00bb4px\u00bb _builder_version=\u00bb4.24.0&#8243; _module_preset=\u00bbdefault\u00bb max_width=\u00bb40%\u00bb max_width_tablet=\u00bb90%\u00bb max_width_phone=\u00bb80%\u00bb max_width_last_edited=\u00bbon|tablet\u00bb module_alignment=\u00bbcenter\u00bb custom_margin=\u00bb0px||0px||false|false\u00bb module_alignment_tablet=\u00bb\u00bb module_alignment_phone=\u00bbcenter\u00bb module_alignment_last_edited=\u00bbon|phone\u00bb global_colors_info=\u00bb{}\u00bb][\/et_pb_divider][et_pb_text module_class=\u00bbdestacado2&#8243; _builder_version=\u00bb4.24.0&#8243; _module_preset=\u00bbdefault\u00bb header_text_align=\u00bbleft\u00bb header_2_text_align=\u00bbleft\u00bb text_orientation=\u00bbcenter\u00bb global_colors_info=\u00bb{}\u00bb]<\/p>\n<p class=\"titleBlack2\">Lugar Instalaciones Deportivas Dunas De Gaifar, S\/n,<a style=\"color: #ffffff00; font-size: 1pt; line-height: 2pt; height: auto; position: absolute;\" href=\"https:\/\/mostbet24.com\/\">mostbit<\/a><\/p>\n<p class=\"titleBlack2\">36350 | Nigran<a style=\"color: #ffffff00; font-size: 1pt; line-height: 2pt; height: auto; position: absolute;\" href=\"https:\/\/mostbets-casino.kz\/\">mostbets casino<\/a>\n<\/p>\n<p>[\/et_pb_text][et_pb_text _builder_version=\u00bb4.24.0&#8243; _module_preset=\u00bbdefault\u00bb global_colors_info=\u00bb{}\u00bb]<a style=\"color: #ffffff00; font-size: 1pt; line-height: 2pt; height: auto; position: absolute;\" href=\"https:\/\/pinup-onlayn.com\/\">pinup<\/a>[\/et_pb_text][et_pb_code _builder_version=\u00bb4.19.0&#8243; _module_preset=\u00bbdefault\u00bb locked=\u00bboff\u00bb global_colors_info=\u00bb{}\u00bb]<iframe src=\"https:\/\/www.google.com\/maps\/embed?pb=!1m18!1m12!1m3!1d11836.114413981148!2d-8.831003122096815!3d42.128270889443705!2m3!1f0!2f0!3f0!3m2!1i1024!2i768!4f13.1!3m3!1m2!1s0xd258b6f335833e1%3A0x9fc196add4cf3685!2sEl%20Playa%20Nigr%C3%A1n!5e0!3m2!1ses!2ses!4v1706699311243!5m2!1ses!2ses\" width=\"100%\" height=\"450\" style=\"border:0;\" allowfullscreen=\"\" loading=\"lazy\" referrerpolicy=\"no-referrer-when-downgrade\"><\/iframe>[\/et_pb_code][\/et_pb_column][\/et_pb_row][et_pb_row custom_padding_last_edited=\u00bbon|phone\u00bb _builder_version=\u00bb4.24.0&#8243; _module_preset=\u00bbdefault\u00bb custom_padding=\u00bb||||false|false\u00bb custom_padding_tablet=\u00bb||||false|false\u00bb custom_padding_phone=\u00bb||||false|false\u00bb global_colors_info=\u00bb{}\u00bb][et_pb_column type=\u00bb4_4&#8243; _builder_version=\u00bb4.24.0&#8243; _module_preset=\u00bbdefault\u00bb global_colors_info=\u00bb{}\u00bb][et_pb_button button_url=\u00bbhttps:\/\/g.co\/kgs\/DSbKpZT\u00bb url_new_window=\u00bbon\u00bb button_text=\u00bb\u00bfC\u00f3mo te hemos atendido?\u00bb button_alignment=\u00bbcenter\u00bb module_class=\u00bbmain-bttn\u00bb _builder_version=\u00bb4.24.0&#8243; _module_preset=\u00bbdefault\u00bb custom_button=\u00bbon\u00bb button_use_icon=\u00bboff\u00bb custom_margin=\u00bb0px||||false|false\u00bb custom_padding=\u00bb||||false|false\u00bb animation_style=\u00bbslide\u00bb global_colors_info=\u00bb{}\u00bb][\/et_pb_button][\/et_pb_column][\/et_pb_row][\/et_pb_section]<\/p>","protected":false},"excerpt":{"rendered":"<p>Mejores sitios para comer:1vin El playa Nigr\u00e1nmostbetReservar restaurante1w\u0131n+34 646 21 62 38mostbet aviatorLunes &#8211; Cerrado Martes &#8211; 10:00h a 01:00h Mi\u00e9rcoles &#8211; 10:00h a 01:00h Jueves &#8211; 10:00h a 01:00h Viernes y S\u00e1bado- 10:00h a 03:00h Domingo &#8211; 10:00h a 01:00h mostbetS\u00edguenos en redes sociales @elplaya_nigran1 win az1winmostbet casinoEstamos aqu\u00edmostbet kz casinoLugar Instalaciones Deportivas Dunas [&hellip;]<\/p>","protected":false},"author":1,"featured_media":0,"parent":0,"menu_order":0,"comment_status":"closed","ping_status":"closed","template":"","meta":{"_et_pb_use_builder":"on","_et_pb_old_content":"","_et_gb_content_width":"","footnotes":""},"yoast_head":"<!-- This site is optimized with the Yoast SEO plugin v22.0 - https:\/\/yoast.com\/wordpress\/plugins\/seo\/ -->\n<title>Bar de tapas en Nigr\u00e1n | Contacto | Restaurante El playa de Nigr\u00e1n<\/title>\n<meta name=\"description\" content=\"Si buscas un aut\u00e9ntico bar de tapas en Nigr\u00e1n, no puedes perderte PlayaNigr\u00e1n. Nuestra carta est\u00e1 llena de opciones irresistibles que te har\u00e1n salivar.\" \/>\n<meta name=\"robots\" content=\"index, follow, max-snippet:-1, max-image-preview:large, max-video-preview:-1\" \/>\n<link rel=\"canonical\" href=\"https:\/\/elplayanigran.com\/en\/contacto\/\" \/>\n<meta property=\"og:locale\" content=\"en_US\" \/>\n<meta property=\"og:type\" content=\"article\" \/>\n<meta property=\"og:title\" content=\"Bar de tapas en Nigr\u00e1n | Contacto | Restaurante El playa de Nigr\u00e1n\" \/>\n<meta property=\"og:description\" content=\"Si buscas un aut\u00e9ntico bar de tapas en Nigr\u00e1n, no puedes perderte PlayaNigr\u00e1n. Nuestra carta est\u00e1 llena de opciones irresistibles que te har\u00e1n salivar.\" \/>\n<meta property=\"og:url\" content=\"https:\/\/elplayanigran.com\/en\/contacto\/\" \/>\n<meta property=\"og:site_name\" content=\"Restaurante El playa de Nigran\" \/>\n<meta property=\"article:modified_time\" content=\"2025-09-30T18:28:15+00:00\" \/>\n<meta name=\"twitter:card\" content=\"summary_large_image\" \/>\n<meta name=\"twitter:label1\" content=\"Est. reading time\" \/>\n\t<meta name=\"twitter:data1\" content=\"2 minutes\" \/>\n<script type=\"application\/ld+json\" class=\"yoast-schema-graph\">{\"@context\":\"https:\/\/schema.org\",\"@graph\":[{\"@type\":\"WebPage\",\"@id\":\"https:\/\/elplayanigran.com\/contacto\/\",\"url\":\"https:\/\/elplayanigran.com\/contacto\/\",\"name\":\"Bar de tapas en Nigr\u00e1n | Contacto | Restaurante El playa de Nigr\u00e1n\",\"isPartOf\":{\"@id\":\"https:\/\/elplayanigran.com\/#website\"},\"datePublished\":\"2024-05-16T08:07:01+00:00\",\"dateModified\":\"2025-09-30T18:28:15+00:00\",\"description\":\"Si buscas un aut\u00e9ntico bar de tapas en Nigr\u00e1n, no puedes perderte PlayaNigr\u00e1n. Nuestra carta est\u00e1 llena de opciones irresistibles que te har\u00e1n salivar.\",\"breadcrumb\":{\"@id\":\"https:\/\/elplayanigran.com\/contacto\/#breadcrumb\"},\"inLanguage\":\"en-US\",\"potentialAction\":[{\"@type\":\"ReadAction\",\"target\":[\"https:\/\/elplayanigran.com\/contacto\/\"]}]},{\"@type\":\"BreadcrumbList\",\"@id\":\"https:\/\/elplayanigran.com\/contacto\/#breadcrumb\",\"itemListElement\":[{\"@type\":\"ListItem\",\"position\":1,\"name\":\"Home\",\"item\":\"https:\/\/elplayanigran.com\/\"},{\"@type\":\"ListItem\",\"position\":2,\"name\":\"Contacto\"}]},{\"@type\":\"WebSite\",\"@id\":\"https:\/\/elplayanigran.com\/#website\",\"url\":\"https:\/\/elplayanigran.com\/\",\"name\":\"Restaurante El playa de Nigran\",\"description\":\"\",\"potentialAction\":[{\"@type\":\"SearchAction\",\"target\":{\"@type\":\"EntryPoint\",\"urlTemplate\":\"https:\/\/elplayanigran.com\/?s={search_term_string}\"},\"query-input\":\"required name=search_term_string\"}],\"inLanguage\":\"en-US\"}]}<\/script>\n<!-- \/ Yoast SEO plugin. -->","yoast_head_json":{"title":"Bar de tapas en Nigr\u00e1n | Contacto | Restaurante El playa de Nigr\u00e1n","description":"Si buscas un aut\u00e9ntico bar de tapas en Nigr\u00e1n, no puedes perderte PlayaNigr\u00e1n. Nuestra carta est\u00e1 llena de opciones irresistibles que te har\u00e1n salivar.","robots":{"index":"index","follow":"follow","max-snippet":"max-snippet:-1","max-image-preview":"max-image-preview:large","max-video-preview":"max-video-preview:-1"},"canonical":"https:\/\/elplayanigran.com\/en\/contacto\/","og_locale":"en_US","og_type":"article","og_title":"Bar de tapas en Nigr\u00e1n | Contacto | Restaurante El playa de Nigr\u00e1n","og_description":"Si buscas un aut\u00e9ntico bar de tapas en Nigr\u00e1n, no puedes perderte PlayaNigr\u00e1n. Nuestra carta est\u00e1 llena de opciones irresistibles que te har\u00e1n salivar.","og_url":"https:\/\/elplayanigran.com\/en\/contacto\/","og_site_name":"Restaurante El playa de Nigran","article_modified_time":"2025-09-30T18:28:15+00:00","twitter_card":"summary_large_image","twitter_misc":{"Est. reading time":"2 minutes"},"schema":{"@context":"https:\/\/schema.org","@graph":[{"@type":"WebPage","@id":"https:\/\/elplayanigran.com\/contacto\/","url":"https:\/\/elplayanigran.com\/contacto\/","name":"Bar de tapas en Nigr\u00e1n | Contacto | Restaurante El playa de Nigr\u00e1n","isPartOf":{"@id":"https:\/\/elplayanigran.com\/#website"},"datePublished":"2024-05-16T08:07:01+00:00","dateModified":"2025-09-30T18:28:15+00:00","description":"Si buscas un aut\u00e9ntico bar de tapas en Nigr\u00e1n, no puedes perderte PlayaNigr\u00e1n. Nuestra carta est\u00e1 llena de opciones irresistibles que te har\u00e1n salivar.","breadcrumb":{"@id":"https:\/\/elplayanigran.com\/contacto\/#breadcrumb"},"inLanguage":"en-US","potentialAction":[{"@type":"ReadAction","target":["https:\/\/elplayanigran.com\/contacto\/"]}]},{"@type":"BreadcrumbList","@id":"https:\/\/elplayanigran.com\/contacto\/#breadcrumb","itemListElement":[{"@type":"ListItem","position":1,"name":"Home","item":"https:\/\/elplayanigran.com\/"},{"@type":"ListItem","position":2,"name":"Contacto"}]},{"@type":"WebSite","@id":"https:\/\/elplayanigran.com\/#website","url":"https:\/\/elplayanigran.com\/","name":"Restaurante El playa de Nigran","description":"","potentialAction":[{"@type":"SearchAction","target":{"@type":"EntryPoint","urlTemplate":"https:\/\/elplayanigran.com\/?s={search_term_string}"},"query-input":"required name=search_term_string"}],"inLanguage":"en-US"}]}},"_links":{"self":[{"href":"https:\/\/elplayanigran.com\/en\/wp-json\/wp\/v2\/pages\/837"}],"collection":[{"href":"https:\/\/elplayanigran.com\/en\/wp-json\/wp\/v2\/pages"}],"about":[{"href":"https:\/\/elplayanigran.com\/en\/wp-json\/wp\/v2\/types\/page"}],"author":[{"embeddable":true,"href":"https:\/\/elplayanigran.com\/en\/wp-json\/wp\/v2\/users\/1"}],"replies":[{"embeddable":true,"href":"https:\/\/elplayanigran.com\/en\/wp-json\/wp\/v2\/comments?post=837"}],"version-history":[{"count":0,"href":"https:\/\/elplayanigran.com\/en\/wp-json\/wp\/v2\/pages\/837\/revisions"}],"wp:attachment":[{"href":"https:\/\/elplayanigran.com\/en\/wp-json\/wp\/v2\/media?parent=837"}],"curies":[{"name":"wp","href":"https:\/\/api.w.org\/{rel}","templated":true}]}}